{"id":7833,"date":"2021-10-11T16:32:34","date_gmt":"2021-10-11T16:32:34","guid":{"rendered":"https:\/\/lya.com\/about-us\/"},"modified":"2021-12-09T09:24:30","modified_gmt":"2021-12-09T14:24:30","slug":"a-propos","status":"publish","type":"page","link":"https:\/\/lya.com\/fr\/a-propos\/","title":{"rendered":"\u00c0 propos"},"content":{"rendered":"\n<h1>\n\t\t\u00c0 propos\n\t<\/h1>\nLEMAY-YATES ASSOCI\u00c9S INC. et LYA International Inc. &#8211; collectivement \u00ab\u00a0LYA\u00a0\u00bb &#8211; fournissent des services de conseil d&rsquo;experts \u00e0 une client\u00e8le mondiale depuis 1993. Nos services couvrent la strat\u00e9gie, la planification d&rsquo;entreprise et les fusions et acquisitions, le soutien r\u00e9glementaire, y compris les t\u00e9moignages d&rsquo;experts, ainsi que le soutien pour la participation aux ench\u00e8res de subventions de spectre et de large bande.\nDepuis 2012, LYA a d\u00e9velopp\u00e9 de multiples plates-formes d&rsquo;ench\u00e8res comprenant les formats SMRA, Combinatorial Clock Auction (CCA), offres scell\u00e9es, ench\u00e8res \u00e0 cadran (&lsquo;clock auction&rsquo;) et ench\u00e8res invers\u00e9es. Les plates-formes d&rsquo;ench\u00e8res de LYA comprennent \u00e9galement les ench\u00e8res s\u00e9quentielles, souvent utilis\u00e9es dans les processus d&rsquo;attribution de blocs de fr\u00e9quences g\u00e9n\u00e9riques.\nVeuillez nous contacter pour discuter de vos besoins et nous sommes impatients de vous servir.\nLYA et <em><strong>c<\/strong><\/em>-Ahead sont des marques d\u00e9pos\u00e9es de LEMAY-YATES ASSOCI\u00c9S INC.\n\t\t\t<a href=\"https:\/\/lya.com\/contact-us\/\" target=\"_self\" role=\"button\" rel=\"noopener\">\n\t\t\t\t\t\t\tContactez-nous\n\t\t\t\t\t<\/a>\n\t\t\t<a href=\"https:\/\/lya.com\/lya-in-the-news-and-at-conferences\/\" target=\"_self\" role=\"button\" rel=\"noopener\">\n\t\t\t\t\t\t\tLYA dans l&rsquo;actualit\u00e9 et lors de conf\u00e9rences\n\t\t\t\t\t<\/a>\n\t\t\t<a href=\"https:\/\/lya.com\/our-team\/\" target=\"_self\" role=\"button\" rel=\"noopener\">\n\t\t\t\t\t\t\tNotre \u00e9quipe\n\t\t\t\t\t<\/a>\n","protected":false},"excerpt":{"rendered":"<p>\u00c0 propos LEMAY-YATES ASSOCI\u00c9S INC. et LYA International Inc. &#8211; collectivement \u00ab\u00a0LYA\u00a0\u00bb &#8211; fournissent des services de conseil d&rsquo;experts \u00e0 une client\u00e8le mondiale depuis 1993. Nos services couvrent la strat\u00e9gie, la planification d&rsquo;entreprise et les fusions et acquisitions, le soutien r\u00e9glementaire, y compris les t\u00e9moignages d&rsquo;experts, ainsi que le soutien pour la participation aux ench\u00e8res&#8230;<\/p>\n","protected":false},"author":2,"featured_media":0,"parent":0,"menu_order":0,"comment_status":"closed","ping_status":"closed","template":"","meta":{"_kad_post_transparent":"","_kad_post_title":"hide","_kad_post_layout":"fullwidth","_kad_post_sidebar_id":"","_kad_post_content_style":"","_kad_post_vertical_padding":"","_kad_post_feature":"","_kad_post_feature_position":"","_kad_post_header":false,"_kad_post_footer":false,"spay_email":""},"_links":{"self":[{"href":"https:\/\/lya.com\/fr\/wp-json\/wp\/v2\/pages\/7833"}],"collection":[{"href":"https:\/\/lya.com\/fr\/wp-json\/wp\/v2\/pages"}],"about":[{"href":"https:\/\/lya.com\/fr\/wp-json\/wp\/v2\/types\/page"}],"author":[{"embeddable":true,"href":"https:\/\/lya.com\/fr\/wp-json\/wp\/v2\/users\/2"}],"replies":[{"embeddable":true,"href":"https:\/\/lya.com\/fr\/wp-json\/wp\/v2\/comments?post=7833"}],"version-history":[{"count":6,"href":"https:\/\/lya.com\/fr\/wp-json\/wp\/v2\/pages\/7833\/revisions"}],"predecessor-version":[{"id":7914,"href":"https:\/\/lya.com\/fr\/wp-json\/wp\/v2\/pages\/7833\/revisions\/7914"}],"wp:attachment":[{"href":"https:\/\/lya.com\/fr\/wp-json\/wp\/v2\/media?parent=7833"}],"curies":[{"name":"wp","href":"https:\/\/api.w.org\/{rel}","templated":true}]}}