{"id":7832,"date":"2021-08-19T19:19:47","date_gmt":"2021-08-19T19:19:47","guid":{"rendered":"https:\/\/lya.com\/private-sales\/"},"modified":"2021-12-09T09:25:15","modified_gmt":"2021-12-09T14:25:15","slug":"ventes-privees","status":"publish","type":"page","link":"https:\/\/lya.com\/fr\/ventes-privees\/","title":{"rendered":"Ventes priv\u00e9es"},"content":{"rendered":"\n<h1>\n\t\tVentes priv\u00e9es\n\t<\/h1>\n\t\t\t<h2>LYA m\u00e8ne des ventes priv\u00e9es et\/ou des ench\u00e8res pour aider ses clients \u00e0 mon\u00e9tiser leur entreprise ou des actifs sp\u00e9cifiques tels que les licences de fr\u00e9quences et les tours.<\/h2>\n\t\t\t\t<p>Vous pouvez b\u00e9n\u00e9ficier de l&rsquo;expertise approfondie de LYA en mati\u00e8re d&rsquo;\u00e9valuation d&rsquo;entreprise et de fr\u00e9quences ainsi que de nos connaissances et relations au sein de l&rsquo;industrie des t\u00e9l\u00e9communications pour am\u00e9liorer la valeur de vos actifs et de vos op\u00e9rations.<\/p>\n<p>Que ce soit \u00e0 la suite d&rsquo;un examen strat\u00e9gique ou simplement \u00e0 la recherche d&rsquo;actifs sp\u00e9cifiques, travailler avec LYA vous aidera \u00e0 am\u00e9liorer et \u00e0 maximiser les avantages d\u00e9riv\u00e9s d&rsquo;un processus de vente.<\/p>\n<p>Les activit\u00e9s de LYA dans la conduite de ventes priv\u00e9es et d&rsquo;ench\u00e8res couvrent un large \u00e9ventail.<\/p>\n\t\t<h4>\u00c9laboration de la notice d&rsquo;offre et de tous les documents \u00e0 l&rsquo;appui.<\/h4>\t\t\t\n\t\t<h4>Contacter les acheteurs potentiels et g\u00e9rer les relations pendant le processus de vente.<\/h4>\t\t\t\n\t\t<h4>Mise en place d&rsquo;offres d&rsquo;ouverture ou de prix de r\u00e9serve selon le cas pour des actifs sp\u00e9cifiques.<\/h4>\t\t\t\n\t\t<h4>\u00c9valuation des offres re\u00e7ues et liaison avec les acqu\u00e9reurs potentiels.<\/h4>\t\t\t\n\t\t<h4>Liaison avec les autorit\u00e9s r\u00e9glementaires pour obtenir toutes les approbations n\u00e9cessaires pour l&rsquo;acquisition ou le transfert de licences de spectre.<\/h4>\t\t\t\n\t\t<h4>Assistance dans le d\u00e9veloppement de demandes de transferts de licences de spectre ou d&rsquo;examens antitrust, le cas \u00e9ch\u00e9ant.<\/h4>\t\t\t\n\t\t<h4>Assistance juridique au besoin.<\/h4>\t\t\t\n\t\t\t<h2>Communiqu\u00e9 de presse en vedette<\/h2>\n\t\t\t<h3>Cogeco Acquiert iTeract &#8211; Vente men\u00e9e avec succ\u00e8s par LYA<\/h3>\t\t\t\n\t\t\t\t<p>23 Avril 2020<\/p>\n\t\t\t<a href=\"https:\/\/lya.com\/cogeco-acquires-wisp-iteract-sale-process-conducted-by-lya\/\" target=\"_self\" role=\"button\" rel=\"noopener\">\u2192<\/span>\u00a0\u00bb rel=\u00a0\u00bbnoopener\u00a0\u00bb>\n\t\t\t\t\t\t\tLire l&rsquo;article \u2192\n\t\t<\/a>\n\t\t<h2>Pourquoi LYA?<\/h2>\n\t\t<p>Travailler avec LYA est une gage de succ\u00e8s pour des entreprises qui aimeraient se d\u00e9partir d&rsquo;actifs sp\u00e9cifiques ou de l&rsquo;ensemble de leur entreprise, en veillant \u00e0 ce qu&rsquo;ils puissent r\u00e9aliser leur pleine valeur de mani\u00e8re opportune et efficace.<\/p>\n\t\t\t<a href=\"https:\/\/lya.com\/fr\/contactez-nous\/\" target=\"_self\" role=\"button\" rel=\"noopener\">\n\t\t\t\t\t\t\tContactez-nous\n\t\t\t\t\t<\/a>\n","protected":false},"excerpt":{"rendered":"<p>Ventes priv\u00e9es LYA m\u00e8ne des ventes priv\u00e9es et\/ou des ench\u00e8res pour aider ses clients \u00e0 mon\u00e9tiser leur entreprise ou des actifs sp\u00e9cifiques tels que les licences de fr\u00e9quences et les tours. Vous pouvez b\u00e9n\u00e9ficier de l&rsquo;expertise approfondie de LYA en mati\u00e8re d&rsquo;\u00e9valuation d&rsquo;entreprise et de fr\u00e9quences ainsi que de nos connaissances et relations au sein&#8230;<\/p>\n","protected":false},"author":2,"featured_media":0,"parent":0,"menu_order":0,"comment_status":"closed","ping_status":"closed","template":"","meta":{"_kad_post_transparent":"","_kad_post_title":"hide","_kad_post_layout":"fullwidth","_kad_post_sidebar_id":"","_kad_post_content_style":"","_kad_post_vertical_padding":"","_kad_post_feature":"","_kad_post_feature_position":"","_kad_post_header":false,"_kad_post_footer":false,"spay_email":""},"_links":{"self":[{"href":"https:\/\/lya.com\/fr\/wp-json\/wp\/v2\/pages\/7832"}],"collection":[{"href":"https:\/\/lya.com\/fr\/wp-json\/wp\/v2\/pages"}],"about":[{"href":"https:\/\/lya.com\/fr\/wp-json\/wp\/v2\/types\/page"}],"author":[{"embeddable":true,"href":"https:\/\/lya.com\/fr\/wp-json\/wp\/v2\/users\/2"}],"replies":[{"embeddable":true,"href":"https:\/\/lya.com\/fr\/wp-json\/wp\/v2\/comments?post=7832"}],"version-history":[{"count":9,"href":"https:\/\/lya.com\/fr\/wp-json\/wp\/v2\/pages\/7832\/revisions"}],"predecessor-version":[{"id":7932,"href":"https:\/\/lya.com\/fr\/wp-json\/wp\/v2\/pages\/7832\/revisions\/7932"}],"wp:attachment":[{"href":"https:\/\/lya.com\/fr\/wp-json\/wp\/v2\/media?parent=7832"}],"curies":[{"name":"wp","href":"https:\/\/api.w.org\/{rel}","templated":true}]}}