{"id":7831,"date":"2021-09-07T19:37:29","date_gmt":"2021-09-07T19:37:29","guid":{"rendered":"https:\/\/lya.com\/auction-platforms\/"},"modified":"2021-12-10T10:08:43","modified_gmt":"2021-12-10T15:08:43","slug":"plateformes-dencheres","status":"publish","type":"page","link":"https:\/\/lya.com\/fr\/plateformes-dencheres\/","title":{"rendered":"Plates-formes d&rsquo;ench\u00e8res"},"content":{"rendered":"\n<h1>\n\t\tPlates-formes d&rsquo;ench\u00e8res\n\t<\/h1>\n\t\t\t<h2>L&rsquo;\u00e9quipe LYA apporte une expertise et une exp\u00e9rience en mati\u00e8re de pr\u00e9paration et d&rsquo;assistance aux ench\u00e8res dans diff\u00e9rents formats d&rsquo;ench\u00e8res.<\/h2>\n<p>Les plates-formes d&rsquo;ench\u00e8res de LYA comprennent une suite compl\u00e8te des formats utilis\u00e9s pour diverses applications, notamment les ench\u00e8res simultan\u00e9es croissantes (SMRA), les ench\u00e8res combinatoires au cadran (CCA), les ench\u00e8res au cadran, les ench\u00e8res invers\u00e9es et les ench\u00e8res scell\u00e9es et leurs variantes.<\/p>\n<p>Les plates-formes d&rsquo;ench\u00e8res de LYA supportent un grand nombre d&rsquo;articles en vente et soutiennent les participants dans leur pr\u00e9paration \u00e0 ces processus critiques \u00e0 leurs op\u00e9rations. Elles permettent aussi des simulations enti\u00e8rement automatis\u00e9es pour s&rsquo;assurer de bien \u00e9valuer des suites de r\u00e8gles complexes de m\u00eame que de tester les strat\u00e9gies d&rsquo;ench\u00e8res.<\/p>\n<p>Des robots configurables par l&rsquo;utilisateur font partie int\u00e9grante des plates-formes d&rsquo;ench\u00e8re LYA.&nbsp; Les robots peuvent \u00eatre configur\u00e9s pour participer selon une vari\u00e9t\u00e9 de strat\u00e9gies, misant sur des packages sp\u00e9cifiques ou article par article. Les robots sont con\u00e7us pour rivaliser les uns avec les autres, tout en respectant les r\u00e8gles complexes de la vente aux ench\u00e8res. Cela permet aux utilisateurs de participer \u00e0 des ench\u00e8res simul\u00e9es r\u00e9alistes \u00e0 grande \u00e9chelle, d&rsquo;acqu\u00e9rir une tr\u00e8s bonne compr\u00e9hension des attributs d&rsquo;un format sp\u00e9cifique ainsi que de peser les avantages et les risques associ\u00e9s aux diff\u00e9rentes strat\u00e9gies et tactiques d&rsquo;ench\u00e8res.<\/p>\n\t\t\t<h2>Nos plates-formes d&rsquo;ench\u00e8res sont flexibles et peuvent \u00eatre utilis\u00e9es pour une grande vari\u00e9t\u00e9 de types d&rsquo;ench\u00e8res.<\/h2>\n\t\t<h4>Ventes aux ench\u00e8res de spectre<\/h4>\t\t\t\n\t\t<h4>Ench\u00e8res d&rsquo;approvisionnement<\/h4>\t\t\t\n\t\t<h4>Ventes aux ench\u00e8res pour l&rsquo;\u00e9lectricit\u00e9<\/h4>\t\t\t\n\t\t<h4>Produits financiers<\/h4>\t\t\t\n\t\t<h4>Ench\u00e8res de diamants<\/h4>\t\t\t\n\t\t<h4>Tours sans fil<\/h4>\t\t\t\n\t\t<h4>\u00c9change de droits d&rsquo;\u00e9mission ou bourse du carbone<\/h4>\t\t\t\n\t\t<h4>Tout type d&rsquo;actif de grande valeur<\/h4>\t\t\t\n\t\t<h4>Ench\u00e8res SMRA<\/h4>\t\t\t\nEnch\u00e8res simultan\u00e9es \u00e0 plusieurs ronde avec prix ascendant. L&rsquo;un des formats d&rsquo;ench\u00e8res \u00e0 plusieurs rondes les plus courants.\n\t\t<h4>Ench\u00e8res CCA<\/h4>\t\t\t\nFormat d&rsquo;ench\u00e8res au cadran combinatoire. Ench\u00e8re au deuxi\u00e8me prix avec une phase d&rsquo;ench\u00e8re et d&rsquo;attribution d&rsquo;un package d\u00e9fini par l&rsquo;utilisateur.\n\t\t<h4>Ench\u00e8res au cadran<\/h4>\t\t\t\nEnch\u00e8res au cadran ascendantes et descendantes avec possibilit\u00e9s de mises intra-ronde.\n\t\t<h4>Ench\u00e8res invers\u00e9es<\/h4>\t\t\t\nEnch\u00e8res avec prix d\u00e9croissant utilis\u00e9es pour les attributions de subventions&nbsp; pour le d\u00e9ploiement de services large bande.\n\t\t\t\t<img loading=\"lazy\" src=\"https:\/\/lya.com\/wp-content\/uploads\/2021\/09\/advancedSettings-1.png\" alt=\"advancedSettings-1\" itemprop=\"image\" height=\"636\" width=\"999\" title=\"advancedSettings-1\" onerror=\"this.style.display='none'\">\n\t\t\t<h2>Ensembles de r\u00e8gles hautement configurables<\/h2>\n\t\t\t\t<p>Nos plates-formes sont con\u00e7ues pour permettre une grande flexibilit\u00e9 dans les ensembles de r\u00e8gles et les param\u00e8tres d&rsquo;ench\u00e8res en g\u00e9n\u00e9ral, notamment&nbsp;:<\/p>\n<ul>\n<li>Quantit\u00e9 maximum par participant, items r\u00e9serv\u00e9s \u00e0 certains participants, retraits et calculs d&rsquo;amendes<\/li>\n<li>Prix de r\u00e9serve\/Prix d&rsquo;ouverture<\/li>\n<li>R\u00e8gles d&rsquo;activit\u00e9 (points d&rsquo;\u00e9ligibilit\u00e9, pr\u00e9f\u00e9rence r\u00e9v\u00e9l\u00e9e)<\/li>\n<li>R\u00e8gles de tarification (Ench\u00e8res au premier prix, Ench\u00e8res VCG au deuxi\u00e8me prix, Tarification de base)<\/li>\n<li>R\u00e8gles de bris d&rsquo;\u00e9galit\u00e9 pour la d\u00e9termination des gagnants<\/li>\n<li>Transition d&rsquo;\u00e9tape et conditions de fin d&rsquo;ench\u00e8re<\/li>\n<li>Contraintes d&rsquo;attribut d&rsquo;article g\u00e9n\u00e9rique<\/li>\n<\/ul>\n<p>Nous pouvons \u00e9galement travailler avec des clients individuels pour mettre en \u0153uvre de nouvelles r\u00e8gles pour des formats d&rsquo;ench\u00e8res individuels.<\/p>\n\t\t\t<a href=\"https:\/\/lya.com\/fr\/contactez-nous\/\" target=\"_self\" role=\"button\" aria-label=\"Demandez une d\u00e9mo\" rel=\"noopener\">\n\t\t\t\t\t\t\tDemandez une d\u00e9mo\n\t\t<\/a>\n\t\t\t<h2>Ench\u00e8res fictives et simulations avec des robots IA<\/h2>\n\t\t<h4>Formation<\/h4>\t\t\t\nMisez contre des participants robotiques sophistiqu\u00e9s et affinez vos strat\u00e9gies d&rsquo;ench\u00e8res. \u00c9valuez les tactiques d&rsquo;ench\u00e8res et familiarisez-vous avec le processus d&rsquo;ench\u00e8res.\n\t\t<h4>Simulations<\/h4>\t\t\t\nEx\u00e9cutez des suites d&rsquo;ench\u00e8res automatis\u00e9es avec des robots IA et \u00e9valuez l&rsquo;efficacit\u00e9 de vos strat\u00e9gie suite aux r\u00e9sultats de vos simulations. Variez les param\u00e8tres de comportement des robots pour \u00e9valuer les effets de variations des tactiques d&rsquo;ench\u00e8res de vos adversaires.\n\t\t<h4> Robots configurables par l&rsquo;usager<\/h4>\t\t\t\nConfigurez le comportement de chaque robot pour refl\u00e9ter les diff\u00e9rentes cibles et valorisations des diff\u00e9rents participants \u00e0 l&rsquo;ench\u00e8re.&nbsp;\n\t\t\t<h2>Indicateurs d&rsquo;ench\u00e8res \u00e9labor\u00e9s et outils de suivi int\u00e9gr\u00e9s<\/h2>\n\t\t\t\t<p>Les plates-formes d&rsquo;ench\u00e8re LYA g\u00e9n\u00e8rent plusieurs indicateurs et m\u00e9triques en temps r\u00e9el et des rapports \u00e0 chaque ronde facilitant l&rsquo;analyse des activit\u00e9s des diff\u00e9rents participants.&nbsp;<\/p>\n<ul>\n<li>Prix des articles et mesures d&rsquo;\u00e9valuation<\/li>\n<li>R\u00e9partition des activit\u00e9s par r\u00e9gion et par item en vente<\/li>\n<li>Risque financier et niveau d&rsquo;engagement des participants.&nbsp;<\/li>\n<\/ul>\n\t\t\t<a href=\"https:\/\/lya.com\/fr\/contactez-nous\/\" target=\"_self\" role=\"button\" aria-label=\"Demandez une d\u00e9mo\" rel=\"noopener\">\n\t\t\t\t\t\t\tDemandez une d\u00e9mo\n\t\t<\/a>\n\t\t\t\t<img loading=\"lazy\" src=\"https:\/\/lya.com\/wp-content\/uploads\/2021\/09\/biddingMonitor.png\" alt=\"biddingMonitor\" itemprop=\"image\" height=\"358\" width=\"894\" title=\"biddingMonitor\" onerror=\"this.style.display='none'\">\n\t\t\t<h2>Plateformes pour encanteurs et r\u00e9gulateurs<\/h2>\n\t\t<h4>Contr\u00f4les de l&rsquo;encanteur<\/h4>\t\t\t\nAyez un contr\u00f4le total sur le processus d&rsquo;ench\u00e8res au fur et \u00e0 mesure de sa progression gr\u00e2ce aux param\u00e8tres d&rsquo;ench\u00e8res dynamiques et \u00e0 la planification ronde par ronde. Les rapports g\u00e9n\u00e9r\u00e9s par la plate-forme peuvent \u00eatre utilis\u00e9s pour une v\u00e9rification et validation par un tiers des r\u00e9sultats de l&rsquo;ench\u00e8re.\n\t\t<h4>Plate-forme s\u00e9curis\u00e9e<\/h4>\t\t\t\n\t\t\t\tUne s\u00e9curit\u00e9 Web de pointe est utilis\u00e9e pour s\u00e9curiser les <br>processus de vente par ench\u00e8res. B\u00e9n\u00e9ficiez de l&rsquo;authentification \u00e0 <br>deux facteurs RSA\u00ae ou SMS et d&rsquo;un acc\u00e8s crypt\u00e9 \u00e0 la plateforme.\n\t\t<h4>Surveillance des participants en temps r\u00e9el<\/h4>\t\t\t\nL&rsquo;activit\u00e9 des participants peut \u00eatre surveill\u00e9e en temps r\u00e9el pendant chaque ronde de l&rsquo;ench\u00e8re. Demeurez au courant de la progression de l&rsquo;ench\u00e8re via des rapports t\u00e9l\u00e9chargeables de la situation \u00e0 chaque ronde et des indicateurs cl\u00e9s en temps r\u00e9el.&nbsp;\n\t\t<h4>Valider les ensembles de r\u00e8gles avec les robots IA<\/h4>\t\t\t\nEx\u00e9cutez des simulations \u00e0 l&rsquo;aide des robots IA de LYA pour valider les ensembles de r\u00e8gles potentielles et tester celles qui g\u00e9n\u00e8rent les meilleurs revenus pour le r\u00e9gulateur.\n\t\t\t<a href=\"https:\/\/lya.com\/fr\/contactez-nous\/\" target=\"_self\" role=\"button\" rel=\"noopener\">\n\t\t\t\t\t\t\tDemandez une d\u00e9mo\n\t\t\t\t\t<\/a>\n","protected":false},"excerpt":{"rendered":"<p>Plates-formes d&rsquo;ench\u00e8res L&rsquo;\u00e9quipe LYA apporte une expertise et une exp\u00e9rience en mati\u00e8re de pr\u00e9paration et d&rsquo;assistance aux ench\u00e8res dans diff\u00e9rents formats d&rsquo;ench\u00e8res. Les plates-formes d&rsquo;ench\u00e8res de LYA comprennent une suite compl\u00e8te des formats utilis\u00e9s pour diverses applications, notamment les ench\u00e8res simultan\u00e9es croissantes (SMRA), les ench\u00e8res combinatoires au cadran (CCA), les ench\u00e8res au cadran, les ench\u00e8res&#8230;<\/p>\n","protected":false},"author":2,"featured_media":0,"parent":0,"menu_order":0,"comment_status":"closed","ping_status":"closed","template":"","meta":{"_kad_post_transparent":"","_kad_post_title":"hide","_kad_post_layout":"fullwidth","_kad_post_sidebar_id":"","_kad_post_content_style":"","_kad_post_vertical_padding":"","_kad_post_feature":"","_kad_post_feature_position":"","_kad_post_header":false,"_kad_post_footer":false,"spay_email":""},"_links":{"self":[{"href":"https:\/\/lya.com\/fr\/wp-json\/wp\/v2\/pages\/7831"}],"collection":[{"href":"https:\/\/lya.com\/fr\/wp-json\/wp\/v2\/pages"}],"about":[{"href":"https:\/\/lya.com\/fr\/wp-json\/wp\/v2\/types\/page"}],"author":[{"embeddable":true,"href":"https:\/\/lya.com\/fr\/wp-json\/wp\/v2\/users\/2"}],"replies":[{"embeddable":true,"href":"https:\/\/lya.com\/fr\/wp-json\/wp\/v2\/comments?post=7831"}],"version-history":[{"count":16,"href":"https:\/\/lya.com\/fr\/wp-json\/wp\/v2\/pages\/7831\/revisions"}],"predecessor-version":[{"id":7941,"href":"https:\/\/lya.com\/fr\/wp-json\/wp\/v2\/pages\/7831\/revisions\/7941"}],"wp:attachment":[{"href":"https:\/\/lya.com\/fr\/wp-json\/wp\/v2\/media?parent=7831"}],"curies":[{"name":"wp","href":"https:\/\/api.w.org\/{rel}","templated":true}]}}