{"id":7830,"date":"2021-09-16T21:27:46","date_gmt":"2021-09-16T21:27:46","guid":{"rendered":"https:\/\/lya.com\/consulting-services\/"},"modified":"2021-12-09T09:25:05","modified_gmt":"2021-12-09T14:25:05","slug":"services-conseils","status":"publish","type":"page","link":"https:\/\/lya.com\/fr\/services-conseils\/","title":{"rendered":"Services-conseils"},"content":{"rendered":"\n<h1>\n\t\tServices-conseils\n\t<\/h1>\nLYA poss\u00e8de l&rsquo;expertise, l&rsquo;exp\u00e9rience et les connaissances du secteur des t\u00e9l\u00e9communications et m\u00e9dia pour vous aider \u00e0 prendre les bonnes d\u00e9cisions lors de l&rsquo;\u00e9volution de votre strat\u00e9gie et de vos activit\u00e9s commerciales, y compris lors de l&rsquo;examen d&rsquo;acquisitions ou de cessions d&rsquo;actifs ou d&rsquo;entreprises. LYA apporte \u00e9galement une vaste exp\u00e9rience dans l&rsquo;\u00e9laboration de rapports d&rsquo;experts et de t\u00e9moignages pour des consultations sur les politiques et la r\u00e9glementaire ainsi que dans le cadre de litiges.\n\t<a href=\"http:\/\/lya.com\/strategy-business-planning-and-ma\/\" target=\"_self\" rel=\"noopener\"><\/a> \n\t\t\t\t<img src=\"https:\/\/lya.com\/wp-content\/uploads\/2021\/09\/Untitled-design-45.jpg\" alt=\"Untitled design (45)\" title=\"Untitled design (45)\" itemprop=\"image\">\n\t\t<h3>Strat\u00e9gie, Business Planning et M&amp;A<\/h3>\t\t\t\n<p>LYA poss\u00e8de l&rsquo;expertise, l&rsquo;exp\u00e9rience et les connaissances de l&rsquo;industrie pour vous aider \u00e0 prendre les bonnes d\u00e9cisions lors de l&rsquo;\u00e9volution de votre strat\u00e9gie commerciale, que ce soit de mani\u00e8re organique ou en consid\u00e9rant des acquisitions ou des cessions.<\/p>\n<p>Notre large port\u00e9e et notre vaste exp\u00e9rience nous permettent de voir et d&rsquo;\u00e9valuer les opportunit\u00e9s ainsi que les risques dans un \u00e9ventail de probl\u00e9matiques, en int\u00e9grant les besoins et les comportements des clients, l&rsquo;\u00e9volution du march\u00e9, les technologies, les r\u00e9seaux, la finance et la r\u00e9glementation.<\/p>\n\t<a href=\"http:\/\/lya.com\/auction-services\/\" target=\"_self\" rel=\"noopener\"><\/a> \n\t\t\t\t<img src=\"https:\/\/lya.com\/wp-content\/uploads\/2021\/09\/Untitled-design-47.jpg\" alt=\"Untitled design (47)\" title=\"Untitled design (47)\" itemprop=\"image\">\n\t\t<h3>Services d&rsquo;ench\u00e8res<\/h3>\t\t\t\n<p>LYA fournit une gamme compl\u00e8te de services d&rsquo;ench\u00e8res pour les participants potentiels aux ench\u00e8res et les commissaires-priseurs<\/p>\n<p>LYA apporte une exp\u00e9rience et une expertise pr\u00e9cieuses dans les services d&rsquo;assistance aux ench\u00e8res fournis \u00e0 diff\u00e9rentes parties prenantes \u00e0 travers le monde et \u00e0 travers diff\u00e9rents formats d&rsquo;ench\u00e8res. LYA peut prendre en charge votre projet d&rsquo;ench\u00e8re depuis le d\u00e9but du d\u00e9veloppement initial des r\u00e8gles d&rsquo;ench\u00e8res jusqu&rsquo;\u00e0 toute la pr\u00e9paration n\u00e9cessaire, l&rsquo;analyse de rentabilit\u00e9 et le plan d&rsquo;affaires associ\u00e9, les simulations, le d\u00e9veloppement de la strat\u00e9gie d&rsquo;ench\u00e8res, l&rsquo;assistance de la salle d&rsquo;ench\u00e8res pendant l&rsquo;ench\u00e8re et post mortem.<\/p>\n<p>Coupl\u00e9 aux plates-formes d&rsquo;ench\u00e8res LYA et aux outils de gestion d&rsquo;ench\u00e8res, nous pouvons garantir que votre pr\u00e9paration d&rsquo;ench\u00e8res m\u00e8ne aux meilleurs r\u00e9sultats possibles tout en minimisant les risques.<\/p>\n\t<a href=\"http:\/\/lya.com\/policy-and-regulatory\/\" target=\"_self\" rel=\"noopener\"><\/a> \n\t\t\t\t<img src=\"https:\/\/lya.com\/wp-content\/uploads\/2021\/09\/10.jpg\" alt=\"10\" title=\"10\" itemprop=\"image\">\n\t\t<h3>Politique et r\u00e9glementation<\/h3>\t\t\t\n<p>LYA apporte une profondeur et une port\u00e9e consid\u00e9rables \u00e0 sa vaste client\u00e8le pour les mandats politiques et r\u00e9glementaires<\/p>\n<p>Les connaissances sp\u00e9cialis\u00e9es de LYA se concentrent sur des sujets cl\u00e9s tels que le haut d\u00e9bit et le mobile, le sans fil fixe, le d\u00e9ploiement du haut d\u00e9bit dans les zones rurales et \u00e9loign\u00e9es, les applications IoT, les nouveaux m\u00e9dias et la diffusion par ondes radio, en plus de la strat\u00e9gie des fr\u00e9quences et des licences.<\/p>\n\t<a href=\"http:\/\/lya.com\/expert-testimony\/\" target=\"_self\" rel=\"noopener\"><\/a> \n\t\t\t\t<img src=\"https:\/\/lya.com\/wp-content\/uploads\/2021\/09\/7.jpg\" alt=\"7\" title=\"7\" itemprop=\"image\">\n\t\t<h3>T\u00e9moignage d&rsquo;expert<\/h3>\t\t\t\n<p>Les co-fondateurs de LYA, Mme Lemay et M. Yates, sont des experts recherch\u00e9s dans les domaines de la large bande, de la t\u00e9l\u00e9phonie mobile, des t\u00e9l\u00e9communications, de la radiodiffusion et du spectre.<\/p>\n<p>Des rapports d&rsquo;expertise ont \u00e9t\u00e9 \u00e9labor\u00e9s par LYA accompagnant ses clients dans divers types de proc\u00e9dures, litiges ou contentieux. Ceux-ci inclus:<\/p>\n<ul>\n<li>Proc\u00e9dures r\u00e9glementaires et politiques<\/li>\n<li>Contentieux et arbitrages commerciaux<\/li>\n<li>Les recours collectifs<\/li>\n<li>Enqu\u00eates antitrust pour le compte d&rsquo;une agence antitrust ou pour le compte de parties int\u00e9ress\u00e9es.<\/li>\n<\/ul>\n\t<a href=\"http:\/\/lya.com\/workshops\/\" target=\"_self\" rel=\"noopener\"><\/a> \n\t\t\t\t<img src=\"https:\/\/lya.com\/wp-content\/uploads\/2021\/09\/9.jpg\" alt=\"9\" title=\"9\" itemprop=\"image\">\n\t\t<h3>Ateliers<\/h3>\t\t\t\n\t\t\t\t<p>LYA propose des ateliers pour des conf\u00e9rences ou vos \u00e9v\u00e9nements priv\u00e9s en interne. Les ateliers peuvent \u00eatre adapt\u00e9s \u00e0 une vari\u00e9t\u00e9 de parties prenantes, y compris les r\u00e9gulateurs et les d\u00e9cideurs, les associations ou groupes industriels, les fournisseurs de services individuels ainsi que les investisseurs et les pr\u00eateurs.<\/p>\n\t\t<h2>Pourquoi LYA?<\/h2>\n\t\t<p>LYA excelle dans des mandats complexes avec une approche multidisciplinaire, cibl\u00e9e et focus\u00e9e sur le succ\u00e8s de ses clients. Fournir des solutions \u00e0 des probl\u00e9matiques complexes sont notre pain quotidien. N&rsquo;h\u00e9sitez pas \u00e0 nous contacter et il nous fera plaisir de mettre notre expertise \u00e0 contribution pour le succ\u00e8s de votre organisation.&nbsp;<\/p>\n\t\t\t<a href=\"https:\/\/lya.com\/fr\/contactez-nous\/\" target=\"_self\" role=\"button\" rel=\"noopener\">\n\t\t\t\t\t\t\tContactez-nous\n\t\t\t\t\t<\/a>\n","protected":false},"excerpt":{"rendered":"<p>Services-conseils LYA poss\u00e8de l&rsquo;expertise, l&rsquo;exp\u00e9rience et les connaissances du secteur des t\u00e9l\u00e9communications et m\u00e9dia pour vous aider \u00e0 prendre les bonnes d\u00e9cisions lors de l&rsquo;\u00e9volution de votre strat\u00e9gie et de vos activit\u00e9s commerciales, y compris lors de l&rsquo;examen d&rsquo;acquisitions ou de cessions d&rsquo;actifs ou d&rsquo;entreprises. LYA apporte \u00e9galement une vaste exp\u00e9rience dans l&rsquo;\u00e9laboration de rapports&#8230;<\/p>\n","protected":false},"author":2,"featured_media":7776,"parent":0,"menu_order":0,"comment_status":"closed","ping_status":"closed","template":"","meta":{"_kad_post_transparent":"","_kad_post_title":"hide","_kad_post_layout":"fullwidth","_kad_post_sidebar_id":"","_kad_post_content_style":"","_kad_post_vertical_padding":"","_kad_post_feature":"","_kad_post_feature_position":"","_kad_post_header":false,"_kad_post_footer":false,"spay_email":""},"_links":{"self":[{"href":"https:\/\/lya.com\/fr\/wp-json\/wp\/v2\/pages\/7830"}],"collection":[{"href":"https:\/\/lya.com\/fr\/wp-json\/wp\/v2\/pages"}],"about":[{"href":"https:\/\/lya.com\/fr\/wp-json\/wp\/v2\/types\/page"}],"author":[{"embeddable":true,"href":"https:\/\/lya.com\/fr\/wp-json\/wp\/v2\/users\/2"}],"replies":[{"embeddable":true,"href":"https:\/\/lya.com\/fr\/wp-json\/wp\/v2\/comments?post=7830"}],"version-history":[{"count":10,"href":"https:\/\/lya.com\/fr\/wp-json\/wp\/v2\/pages\/7830\/revisions"}],"predecessor-version":[{"id":7931,"href":"https:\/\/lya.com\/fr\/wp-json\/wp\/v2\/pages\/7830\/revisions\/7931"}],"wp:featuredmedia":[{"embeddable":true,"href":"https:\/\/lya.com\/fr\/wp-json\/wp\/v2\/media\/7776"}],"wp:attachment":[{"href":"https:\/\/lya.com\/fr\/wp-json\/wp\/v2\/media?parent=7830"}],"curies":[{"name":"wp","href":"https:\/\/api.w.org\/{rel}","templated":true}]}}