{"id":7827,"date":"2021-08-10T17:33:36","date_gmt":"2021-08-10T17:33:36","guid":{"rendered":"https:\/\/lya.com\/home\/"},"modified":"2021-12-09T09:24:39","modified_gmt":"2021-12-09T14:24:39","slug":"home","status":"publish","type":"page","link":"https:\/\/lya.com\/fr\/","title":{"rendered":"Accueil"},"content":{"rendered":"\n<h1>\n\t\tUn cabinet conseil ind\u00e9pendant de premier plan ax\u00e9 sur les t\u00e9l\u00e9communications, les m\u00e9dias et la technologie\n\t<\/h1>\n\t\t\t<h2>Exp\u00e9rience, expertise et innovation dans le haut d\u00e9bit, le spectre et les ench\u00e8res<\/h2>\n\t<p>Nous apportons une connaissance approfondie de l&rsquo;industrie, une expertise et une exp\u00e9rience de conseil pour aider une client\u00e8le mondiale \u00e0 relever les opportunit\u00e9s et les d\u00e9fis couvrant la gamme compl\u00e8te des services de t\u00e9l\u00e9communications et de m\u00e9dias.<\/p>\n<p>Cela comprend des mandats en strat\u00e9gie commerciale, d\u00e9ploiement de technologies et de r\u00e9seaux, services et applications, y compris IoT, strat\u00e9gie de fr\u00e9quences et ench\u00e8res.<\/p>\n<p>LYA am\u00e8ne une approche innovante avec ses outils propri\u00e9taires \u00e9tendus. L&rsquo;expertise de LYA ainsi que ses plates-formes d&rsquo;ench\u00e8res et outils de gestion nous permettent d&rsquo;offrir une expertise et un soutien complet \u00e0 nos clients pour l&rsquo;acquisition de fr\u00e9quences ainsi que pour les ench\u00e8res pour l&rsquo;obtention de subventions au d\u00e9ploiement de services large bande en r\u00e9gions rurales ou \u00e9loign\u00e9es.<\/p>\n\t<p>Le &lsquo;LYA NPV Engine&rsquo;, un \u00e9l\u00e9ment cl\u00e9 de nos outils de d\u00e9veloppement commercial, permet d&rsquo;\u00e9valuer plusieurs sc\u00e9narios en comparant diff\u00e9rentes opportunit\u00e9s commerciales pour maximiser la cr\u00e9ation de valeur.<\/p>\n<p>LYA accompagne ses clients lors de revues strat\u00e9giques ainsi que lors de processus de cession d&rsquo;entreprises et d&rsquo;actifs incluant les licences de fr\u00e9quences ainsi que les tours.&nbsp; Les ench\u00e8res priv\u00e9es de LYA nous permettent de maximiser les rendements pour nos clients dans un d\u00e9lai relativement court.<\/p>\n<p>LYA fournit une expertise sp\u00e9cialis\u00e9e \u00e0 l&rsquo;industrie depuis 1993. Notre \u00e9quipe d&rsquo;experts a soutenu avec succ\u00e8s des clients, grands et petits, dans divers segments de l&rsquo;industrie TMT.<\/p>\n\t<a href=\"http:\/\/lya.com\/blog\/\" target=\"_self\" rel=\"noopener\"><\/a> \n\t\t\t<h3>Perspectives<\/h3>\n\t\t\t<h3>US Broadband Grants &#8211; A glance at what is coming &#8211; UPDATE Nov 15. 2021<\/h3>\t\t\t\n\t\t\t\t<p>October 8, 2021<\/p>\n\t\t\t<a href=\"https:\/\/lya.com\/us-broadband-grants-a-glance-at-what-is-coming\/\" target=\"_self\" role=\"button\" rel=\"noopener\">\u2192<\/span>\u00a0\u00bb rel=\u00a0\u00bbnoopener\u00a0\u00bb>\n\t\t\t\t\t\t\tLire l&rsquo;article \u2192\n\t\t<\/a>\n\t\t\t<h3>Americas Spectrum Management Conference &#8211; 10th Edition &#8211; October 12-13, 2021<\/h3>\t\t\t\n\t\t\t\t<p>October 5, 2021<\/p>\n\t\t\t<a href=\"https:\/\/lya.com\/americas-spectrum-management-conference-10th-edition-october-12-13-2021\/\" target=\"_self\" role=\"button\" rel=\"noopener\">\u2192<\/span>\u00a0\u00bb rel=\u00a0\u00bbnoopener\u00a0\u00bb>\n\t\t\t\t\t\t\tLire l&rsquo;article \u2192\n\t\t<\/a>\n\t\t\t<h3>Canada Sets World Record for Prices of Mid-Band Spectrum Licenses<\/h3>\t\t\t\n\t\t\t\t<p>August 2, 2021<\/p>\n\t\t\t<a href=\"https:\/\/lya.com\/canada-sets-world-record-for-prices-of-mid-band-spectrum-licenses\/\" target=\"_self\" role=\"button\" rel=\"noopener\">\u2192<\/span>\u00a0\u00bb rel=\u00a0\u00bbnoopener\u00a0\u00bb>\n\t\t\t\t\t\t\tLire l&rsquo;article \u2192\n\t\t<\/a>\n\t\t\t<h3>Tweets<\/h3>\n\t[TWTR]\n\t\t\t<h2>Nos activit\u00e9s<\/h2>\n\t<p>LYA apporte une expertise reconnue pour accompagner un large \u00e9ventail d&rsquo;acteurs des t\u00e9l\u00e9communications et des m\u00e9dias. Nous avons contribu\u00e9 aux activit\u00e9s de certains des plus grands prestataires de services au monde. Notre exp\u00e9rience nous permet d&rsquo;op\u00e9rer \u00e0 la jonction de la strat\u00e9gie commerciale, de la r\u00e9glementation, de la technologie et des tendances \u00e9volutives du march\u00e9 pour fournir une perspective compl\u00e8te sur vos strat\u00e9gies commerciales, activit\u00e9s r\u00e9glementaires ou d\u00e9cisions commerciales quotidiennes. Les activit\u00e9s de LYA sont ax\u00e9es sur trois types de mandat cl\u00e9s, comme indiqu\u00e9 ci-dessous.<\/p>\n\t<a href=\"http:\/\/lya.com\/consulting-services\/\" target=\"_self\" rel=\"noopener\"><\/a> \n\t\t\t\t<img src=\"https:\/\/lya.com\/wp-content\/uploads\/2021\/09\/4.png\" alt=\"4\" title=\"4\" itemprop=\"image\">\n\t\t<h3>Services-conseils<\/h3>\t\t\t\n\t\t\t\t<p>La pratique de services-conseils de LYA op\u00e8re dans tous les domaines des t\u00e9l\u00e9communications et des m\u00e9dias. Cela comprend la strat\u00e9gie et les plans d&rsquo;affaires pour un \u00e9ventail de parties prenantes et de fournisseurs de services, ainsi que la strat\u00e9gie technologique, la v\u00e9rification diligente et l&rsquo;examen des investissements, les informations sur le march\u00e9 et les t\u00e9moignages d&rsquo;experts.<\/p>\n<p>La vaste expertise et les outils de mod\u00e9lisation financi\u00e8re de LYA, tels que le &lsquo;LYA NPV Engine&rsquo;, nous permettent d&rsquo;\u00e9valuer et de comparer un large \u00e9ventail de sc\u00e9narios \u00e0 travers diverses technologies et options de commercialisation.<\/p>\n<p>Notre pratique Fr\u00e9quences et ench\u00e8res couvre un large \u00e9ventail d&rsquo;activit\u00e9s allant du d\u00e9veloppement de la strat\u00e9gie et de l&rsquo;\u00e9valuation de fr\u00e9quences 5G au soutien des activit\u00e9s d&rsquo;acquisition et de d\u00e9sinvestissement du spectre, en passant par des services complets d&rsquo;assistance aux ench\u00e8res, y compris un support complet de gestion en salle d&rsquo;ench\u00e8res.<\/p>\n\t<a href=\"http:\/\/lya.com\/auction-platforms\/\" target=\"_self\" rel=\"noopener\"><\/a> \n\t\t\t\t<img src=\"https:\/\/lya.com\/wp-content\/uploads\/2021\/09\/5.png\" alt=\"5\" title=\"5\" itemprop=\"image\">\n\t\t<h3>Plateformes d&rsquo;ench\u00e8res<\/h3>\t\t\t\n\t\t\t\t<p>Les plates-formes d&rsquo;ench\u00e8res de LYA couvrent la gamme compl\u00e8te de formats actuellement utilis\u00e9s dans les t\u00e9l\u00e9communications, y compris les offres scell\u00e9es, les ench\u00e8res ascendantes simultan\u00e9es \u00e0 plusieurs tours (SMRA), les ench\u00e8res combinatoires \u00e0 cadran (CCA), les ench\u00e8res \u00e0 cadran et leurs nombreuses variantes ainsi que les ench\u00e8res invers\u00e9es, telles qu&rsquo;elles ont \u00e9t\u00e9 utilis\u00e9es pour les ench\u00e8res de subventions pour le service large bande.<\/p>\n<p>Les plates-formes d&rsquo;ench\u00e8res de LYA emploient des robots lesquels am\u00e8nent des capacit\u00e9s de simulation sophistiqu\u00e9es et r\u00e9alistes offrant des avantages significatifs pour la planification et la pr\u00e9paration d&rsquo;ench\u00e8res.<\/p>\n<p>De plus, les outils de gestion des ench\u00e8res de LYA soutiennent les \u00e9quipes d&rsquo;ench\u00e8res pendant l&rsquo;ench\u00e8re et aident \u00e0 assurer une prise de d\u00e9cision efficace \u00e0 chaque ronde bas\u00e9e sur une perspective compl\u00e8te de la dynamique de l&rsquo;ench\u00e8re.<\/p>\n\t<a href=\"http:\/\/lya.com\/private-sales\/\" target=\"_self\" rel=\"noopener\"><\/a> \n\t\t\t\t<img src=\"https:\/\/lya.com\/wp-content\/uploads\/2021\/09\/Untitled-design-43.jpg\" alt=\"Untitled design (43)\" title=\"Untitled design (43)\" itemprop=\"image\">\n\t\t<h3>Ventes priv\u00e9es<\/h3>\t\t\t\n\t\t\t\t<p>LYA tire parti de son exp\u00e9rience et de ses connaissances du secteur pour mener des processus efficaces afin d&rsquo;aider ses clients \u00e0 maximiser la valeur d&rsquo;actifs sp\u00e9cifiques ou d&rsquo;une soci\u00e9t\u00e9 d&rsquo;exploitation compl\u00e8te.<\/p>\n<p>Nous apportons une connaissance et une expertise approfondies concernant la valeur marchande potentielle de licences de fr\u00e9quences, des actifs de tours ainsi que des fournisseurs de services, qu&rsquo;ils utilisent le sans fil ou la fibre optique.<\/p>\n\t\t\t<h2>Clients LYA dans le monde<\/h2>\n\t\t\t Op\u00e9rateurs mobiles\t\t\n\t\t\t Op\u00e9rateurs de r\u00e9seaux virtuels mobiles\t\t\n\t\t\t Op\u00e9rateurs de satellites, y compris les services LEO IoT\t\t\n\t\t\t Fournisseurs de services \u00e0 large bande, FAI et services publics\t\t\n\t\t\t D\u00e9veloppeurs de technologies et de logiciels\t\t\n\t\t\t IPTV ainsi que les fournisseurs de services OTT\t\t\n\t\t\t Diffuseurs et entreprises de m\u00e9dias num\u00e9riques\t\t\n\t\t\t Investisseurs strat\u00e9giques et priv\u00e9s\t\t\n\t\t\t R\u00e9gulateurs et agences antitrust\n","protected":false},"excerpt":{"rendered":"<p>Un cabinet conseil ind\u00e9pendant de premier plan ax\u00e9 sur les t\u00e9l\u00e9communications, les m\u00e9dias et la technologie Exp\u00e9rience, expertise et innovation dans le haut d\u00e9bit, le spectre et les ench\u00e8res Nous apportons une connaissance approfondie de l&rsquo;industrie, une expertise et une exp\u00e9rience de conseil pour aider une client\u00e8le mondiale \u00e0 relever les opportunit\u00e9s et les d\u00e9fis&#8230;<\/p>\n","protected":false},"author":2,"featured_media":0,"parent":0,"menu_order":0,"comment_status":"closed","ping_status":"closed","template":"","meta":{"_kad_post_transparent":"","_kad_post_title":"hide","_kad_post_layout":"fullwidth","_kad_post_sidebar_id":"","_kad_post_content_style":"","_kad_post_vertical_padding":"","_kad_post_feature":"","_kad_post_feature_position":"","_kad_post_header":false,"_kad_post_footer":false,"spay_email":""},"_links":{"self":[{"href":"https:\/\/lya.com\/fr\/wp-json\/wp\/v2\/pages\/7827"}],"collection":[{"href":"https:\/\/lya.com\/fr\/wp-json\/wp\/v2\/pages"}],"about":[{"href":"https:\/\/lya.com\/fr\/wp-json\/wp\/v2\/types\/page"}],"author":[{"embeddable":true,"href":"https:\/\/lya.com\/fr\/wp-json\/wp\/v2\/users\/2"}],"replies":[{"embeddable":true,"href":"https:\/\/lya.com\/fr\/wp-json\/wp\/v2\/comments?post=7827"}],"version-history":[{"count":10,"href":"https:\/\/lya.com\/fr\/wp-json\/wp\/v2\/pages\/7827\/revisions"}],"predecessor-version":[{"id":7930,"href":"https:\/\/lya.com\/fr\/wp-json\/wp\/v2\/pages\/7827\/revisions\/7930"}],"wp:attachment":[{"href":"https:\/\/lya.com\/fr\/wp-json\/wp\/v2\/media?parent=7827"}],"curies":[{"name":"wp","href":"https:\/\/api.w.org\/{rel}","templated":true}]}}